{"id":26336,"date":"2018-10-30T13:35:45","date_gmt":"2018-10-30T13:35:45","guid":{"rendered":"https:\/\/www.flexmob.com\/newsletter\/"},"modified":"2025-12-05T11:17:35","modified_gmt":"2025-12-05T11:17:35","slug":"subscribe-2","status":"publish","type":"page","link":"https:\/\/www.flexmob.com\/en\/subscribe-2\/","title":{"rendered":"Newsletter"},"content":{"rendered":"\t\t<div data-elementor-type=\"wp-post\" data-elementor-id=\"26336\" class=\"elementor elementor-26336 elementor-216\" data-elementor-post-type=\"page\">\n\t\t\t\t\t\t<section class=\"elementor-section elementor-top-section elementor-element elementor-element-686382d6 elementor-section-boxed elementor-section-height-default elementor-section-height-default wpr-particle-no wpr-jarallax-no wpr-parallax-no wpr-sticky-section-no\" data-id=\"686382d6\" data-element_type=\"section\" data-e-type=\"section\">\n\t\t\t\t\t\t<div class=\"elementor-container elementor-column-gap-default\">\n\t\t\t\t\t<div class=\"elementor-column elementor-col-100 elementor-top-column elementor-element elementor-element-49b6461e\" data-id=\"49b6461e\" data-element_type=\"column\" data-e-type=\"column\">\n\t\t\t<div class=\"elementor-widget-wrap elementor-element-populated\">\n\t\t\t\t\t\t<div class=\"elementor-element elementor-element-126aa84 elementor-invisible elementor-widget elementor-widget-heading\" data-id=\"126aa84\" data-element_type=\"widget\" data-e-type=\"widget\" data-settings=\"{&quot;_animation&quot;:&quot;fadeInDown&quot;}\" data-widget_type=\"heading.default\">\n\t\t\t\t<div class=\"elementor-widget-container\">\n\t\t\t\t\t<h2 class=\"elementor-heading-title elementor-size-default\">Newsletter<\/h2>\t\t\t\t<\/div>\n\t\t\t\t<\/div>\n\t\t\t\t<div class=\"elementor-element elementor-element-489ba2cf elementor-widget elementor-widget-text-editor\" data-id=\"489ba2cf\" data-element_type=\"widget\" data-e-type=\"widget\" data-widget_type=\"text-editor.default\">\n\t\t\t\t<div class=\"elementor-widget-container\">\n\t\t\t\t\t\t\t\t\t<p><span style=\"color: #000000;\">Subscribe to our newsletter to receive our <span style=\"box-sizing: inherit; font-weight: bolder;\">special offers<\/span>, <span style=\"box-sizing: inherit; font-weight: bolder;\">promotions<\/span> and weekly <span style=\"box-sizing: inherit; font-weight: bolder;\">stock positions<\/span> <\/span><\/p>\t\t\t\t\t\t\t\t<\/div>\n\t\t\t\t<\/div>\n\t\t\t\t<div class=\"elementor-element elementor-element-cf98574 elementor-widget elementor-widget-image\" data-id=\"cf98574\" data-element_type=\"widget\" data-e-type=\"widget\" data-widget_type=\"image.default\">\n\t\t\t\t<div class=\"elementor-widget-container\">\n\t\t\t\t\t\t\t\t\t\t\t\t\t\t\t<img decoding=\"async\" width=\"300\" height=\"120\" src=\"https:\/\/www.flexmob.com\/wp-content\/uploads\/2025\/12\/be-express-2025-300x120.png\" class=\"attachment-medium size-medium wp-image-36458\" alt=\"\" srcset=\"https:\/\/www.flexmob.com\/wp-content\/uploads\/2025\/12\/be-express-2025-300x120.png 300w, https:\/\/www.flexmob.com\/wp-content\/uploads\/2025\/12\/be-express-2025-1024x409.png 1024w, https:\/\/www.flexmob.com\/wp-content\/uploads\/2025\/12\/be-express-2025-768x307.png 768w, https:\/\/www.flexmob.com\/wp-content\/uploads\/2025\/12\/be-express-2025.png 1083w\" sizes=\"(max-width: 300px) 100vw, 300px\" \/>\t\t\t\t\t\t\t\t\t\t\t\t\t\t\t<\/div>\n\t\t\t\t<\/div>\n\t\t\t\t<div class=\"elementor-element elementor-element-df093c5 elementor-widget elementor-widget-html\" data-id=\"df093c5\" data-element_type=\"widget\" data-e-type=\"widget\" data-widget_type=\"html.default\">\n\t\t\t\t<div class=\"elementor-widget-container\">\n\t\t\t\t\t<!-- Begin Mailchimp Signup Form -->\r\n<link href=\"\/\/cdn-images.mailchimp.com\/embedcode\/classic-10_7.css\" rel=\"stylesheet\" type=\"text\/css\">\r\n<style type=\"text\/css\">\r\n\t#mc_embed_signup{background:; clear:left; font:14px Helvetica,Arial,sans-serif; }\r\n\t\/* Add your own Mailchimp form style overrides in your site stylesheet or in this style block.\r\n\t   We recommend moving this block and the preceding CSS link to the HEAD of your HTML file. *\/\r\n<\/style>\r\n<div id=\"mc_embed_signup\">\r\n<form action=\"https:\/\/flexmob.us13.list-manage.com\/subscribe\/post?u=9d910df2b3e58a5e853b290a1&amp;id=efa29247f2\" method=\"post\" id=\"mc-embedded-subscribe-form\" name=\"mc-embedded-subscribe-form\" class=\"validate\" target=\"_blank\" novalidate=\"\">\r\n    <div id=\"mc_embed_signup_scroll\">\r\n\t<h2>Subsribe to Be Express mailing list<\/h2>\r\n<div class=\"indicates-required\"><span class=\"asterisk\">*<\/span> Required fields<\/div>\r\n<div class=\"mc-field-group\">\r\n\t<label for=\"mce-EMAIL\">Email Address <span class=\"asterisk\">*<\/span>\r\n<\/label>\r\n\t<input type=\"email\" value=\"\" name=\"EMAIL\" class=\"required email\" id=\"mce-EMAIL\">\r\n<\/div>\r\n<div class=\"mc-field-group\">\r\n\t<label for=\"mce-MMERGE3\">Company <span class=\"asterisk\">*<\/span>\r\n<\/label>\r\n\t<input type=\"text\" value=\"\" name=\"MMERGE3\" class=\"required\" id=\"mce-MMERGE3\">\r\n<\/div>\r\n<div class=\"mc-field-group\">\r\n\t<label for=\"mce-LNAME\">Last Name <span class=\"asterisk\">*<\/span>\r\n<\/label>\r\n\t<input type=\"text\" value=\"\" name=\"LNAME\" class=\"required\" id=\"mce-LNAME\">\r\n<\/div>\r\n<div class=\"mc-field-group\">\r\n\t<label for=\"mce-FNAME\">First Name <span class=\"asterisk\">*<\/span>\r\n<\/label>\r\n\t<input type=\"text\" value=\"\" name=\"FNAME\" class=\"required\" id=\"mce-FNAME\">\r\n<\/div>\r\n<div class=\"mc-field-group input-group\">\r\n    <strong>Language <span class=\"asterisk\">*<\/span>\r\n<\/strong>\r\n    <ul><li><input type=\"radio\" value=\"Fran\u00e7ais\" name=\"MMERGE8\" id=\"mce-MMERGE8-0\"><label for=\"mce-MMERGE8-0\">Fran\u00e7ais<\/label><\/li>\r\n<li><input type=\"radio\" value=\"English\" name=\"MMERGE8\" id=\"mce-MMERGE8-1\"><label for=\"mce-MMERGE8-1\">English<\/label><\/li>\r\n<li><input type=\"radio\" value=\"Deutsch\" name=\"MMERGE8\" id=\"mce-MMERGE8-2\"><label for=\"mce-MMERGE8-2\">Deutsch<\/label><\/li>\r\n<\/ul>\r\n<\/div>\r\n<div class=\"mc-field-group\">\r\n\t<label for=\"mce-MMERGE7\">Country <span class=\"asterisk\">*<\/span>\r\n<\/label>\r\n\t<select name=\"MMERGE7\" class=\"required\" id=\"mce-MMERGE7\">\r\n\t<option value=\"\"><\/option>\r\n\t<option value=\"France\">France<\/option>\r\n<option value=\"Belgique \/ Belgium\">Belgique \/ Belgium<\/option>\r\n<option value=\"Allemagne \/ Germany\">Allemagne \/ Germany<\/option>\r\n<option value=\"Grande-Bretagne \/ United Kingdom\">Grande-Bretagne \/ United Kingdom<\/option>\r\n<option value=\"Pologne \/ Poland\">Pologne \/ Poland<\/option>\r\n<option value=\"Finlande \/ Finland\">Finlande \/ Finland<\/option>\r\n<option value=\"Autriche \/ Austria\">Autriche \/ Austria<\/option>\r\n<option value=\"R\u00e9publique Tch\u00e8que \/ Czech Republic\">R\u00e9publique Tch\u00e8que \/ Czech Republic<\/option>\r\n<option value=\"Suisse \/ Switzerland\">Suisse \/ Switzerland<\/option>\r\n<option value=\"Pays-Bas \/ The Netherlands\">Pays-Bas \/ The Netherlands<\/option>\r\n<option value=\"Estonie \/ Estonia\">Estonie \/ Estonia<\/option>\r\n<option value=\"Roumanie \/ Romania\">Roumanie \/ Romania<\/option>\r\n<option value=\"Autre \/ Other\">Autre \/ Other<\/option>\r\n\r\n\t<\/select>\r\n<\/div>\r\n<div class=\"mc-field-group size1of2\">\r\n\t<label for=\"mce-MMERGE9\">Phone number <\/label>\r\n\t<input type=\"text\" name=\"MMERGE9\" class=\"\" value=\"\" id=\"mce-MMERGE9\">\r\n<\/div>\r\n<div class=\"mc-field-group input-group\">\r\n    <strong>I accept <span class=\"asterisk\">*<\/span>\r\n<\/strong>\r\n    <ul><li><input type=\"radio\" value=\"de recevoir les newsletters de Flex Mobiliers \/ to receive newsletters from Flex Mobiliers\" name=\"MMERGE11\" id=\"mce-MMERGE11-0\"><label for=\"mce-MMERGE11-0\"> to receive newsletters from Flex Mobiliers<\/label><\/li>\r\n<\/ul>\r\n<\/div>\r\n\t<div id=\"mce-responses\" class=\"clear\">\r\n\t\t<div class=\"response\" id=\"mce-error-response\" style=\"display:none\"><\/div>\r\n\t\t<div class=\"response\" id=\"mce-success-response\" style=\"display:none\"><\/div>\r\n\t<\/div>    <!-- real people should not fill this in and expect good things - do not remove this or risk form bot signups-->\r\n    <div style=\"position: absolute; left: -5000px;\" aria-hidden=\"true\"><input type=\"text\" name=\"b_9d910df2b3e58a5e853b290a1_efa29247f2\" tabindex=\"-1\" value=\"\"><\/div>\r\n    <div class=\"clear\"><input type=\"submit\" value=\"Subscribe\" name=\"subscribe\" id=\"mc-embedded-subscribe\" class=\"button\"><\/div>\r\n    <\/div>\r\n<\/form>\r\n<\/div>\r\n<script type=\"text\/javascript\" src=\"\/\/s3.amazonaws.com\/downloads.mailchimp.com\/js\/mc-validate.js\"><\/script><script type=\"text\/javascript\">(function($) {window.fnames = new Array(); window.ftypes = new Array();fnames[0]='EMAIL';ftypes[0]='email';fnames[3]='MMERGE3';ftypes[3]='text';fnames[2]='LNAME';ftypes[2]='text';fnames[1]='FNAME';ftypes[1]='text';fnames[6]='MMERGE6';ftypes[6]='dropdown';fnames[5]='MMERGE5';ftypes[5]='dropdown';fnames[4]='MMERGE4';ftypes[4]='dropdown';fnames[8]='MMERGE8';ftypes[8]='radio';fnames[12]='MMERGE7';ftypes[12]='dropdown';fnames[9]='MMERGE9';ftypes[9]='phone';fnames[10]='MMERGE10';ftypes[10]='address';fnames[11]='MMERGE11';ftypes[11]='radio'; \/*\r\n * Translated default messages for the $ validation plugin.\r\n * Locale: FR\r\n *\/\r\n$.extend($.validator.messages, {\r\n        required: \"Ce champ est requis.\",\r\n        remote: \"Veuillez remplir ce champ pour continuer.\",\r\n        email: \"Veuillez entrer une adresse email valide.\",\r\n        url: \"Veuillez entrer une URL valide.\",\r\n        date: \"Veuillez entrer une date valide.\",\r\n        dateISO: \"Veuillez entrer une date valide (ISO).\",\r\n        number: \"Veuillez entrer un nombre valide.\",\r\n        digits: \"Veuillez entrer (seulement) une valeur num\u00e9rique.\",\r\n        creditcard: \"Veuillez entrer un num\u00e9ro de carte de cr\u00e9dit valide.\",\r\n        equalTo: \"Veuillez entrer une nouvelle fois la m\u00eame valeur.\",\r\n        accept: \"Veuillez entrer une valeur avec une extension valide.\",\r\n        maxlength: $.validator.format(\"Veuillez ne pas entrer plus de {0} caract\u00e8res.\"),\r\n        minlength: $.validator.format(\"Veuillez entrer au moins {0} caract\u00e8res.\"),\r\n        rangelength: $.validator.format(\"Veuillez entrer entre {0} et {1} caract\u00e8res.\"),\r\n        range: $.validator.format(\"Veuillez entrer une valeur entre {0} et {1}.\"),\r\n        max: $.validator.format(\"Veuillez entrer une valeur inf\u00e9rieure ou \u00e9gale \u00e0 {0}.\"),\r\n        min: $.validator.format(\"Veuillez entrer une valeur sup\u00e9rieure ou \u00e9gale \u00e0 {0}.\")\r\n});}(jQuery));var $mcj = jQuery.noConflict(true);<\/script>\r\n<!--End mc_embed_signup-->\t\t\t\t<\/div>\n\t\t\t\t<\/div>\n\t\t\t\t\t<\/div>\n\t\t<\/div>\n\t\t\t\t\t<\/div>\n\t\t<\/section>\n\t\t\t\t<\/div>\n\t\t","protected":false},"excerpt":{"rendered":"<p>Newsletter Subscribe to our newsletter to receive our special offers, promotions and weekly stock positions Subsribe to Be Express mailing list * Required fields Email Address * Company * Last Name * First Name * Language * Fran\u00e7ais English Deutsch Country * FranceBelgique \/ BelgiumAllemagne \/ GermanyGrande-Bretagne \/ United KingdomPologne \/ PolandFinlande \/ FinlandAutriche \/ AustriaR\u00e9publique Tch\u00e8que \/ Czech RepublicSuisse \/ SwitzerlandPays-Bas \/ The NetherlandsEstonie \/ EstoniaRoumanie \/ RomaniaAutre \/ Other Phone number I accept * to receive newsletters from Flex Mobiliers<\/p>\n","protected":false},"author":4,"featured_media":0,"parent":0,"menu_order":0,"comment_status":"closed","ping_status":"closed","template":"","meta":{"footnotes":""},"folder":[940],"class_list":["post-26336","page","type-page","status-publish","hentry"],"acf":[],"_links":{"self":[{"href":"https:\/\/www.flexmob.com\/en\/wp-json\/wp\/v2\/pages\/26336","targetHints":{"allow":["GET"]}}],"collection":[{"href":"https:\/\/www.flexmob.com\/en\/wp-json\/wp\/v2\/pages"}],"about":[{"href":"https:\/\/www.flexmob.com\/en\/wp-json\/wp\/v2\/types\/page"}],"author":[{"embeddable":true,"href":"https:\/\/www.flexmob.com\/en\/wp-json\/wp\/v2\/users\/4"}],"replies":[{"embeddable":true,"href":"https:\/\/www.flexmob.com\/en\/wp-json\/wp\/v2\/comments?post=26336"}],"version-history":[{"count":2,"href":"https:\/\/www.flexmob.com\/en\/wp-json\/wp\/v2\/pages\/26336\/revisions"}],"predecessor-version":[{"id":36511,"href":"https:\/\/www.flexmob.com\/en\/wp-json\/wp\/v2\/pages\/26336\/revisions\/36511"}],"wp:attachment":[{"href":"https:\/\/www.flexmob.com\/en\/wp-json\/wp\/v2\/media?parent=26336"}],"wp:term":[{"taxonomy":"folder","embeddable":true,"href":"https:\/\/www.flexmob.com\/en\/wp-json\/wp\/v2\/folder?post=26336"}],"curies":[{"name":"wp","href":"https:\/\/api.w.org\/{rel}","templated":true}]}}